{"id":19,"date":"2024-04-18T10:00:48","date_gmt":"2024-04-18T10:00:48","guid":{"rendered":"http:\/\/amdb8.de\/?page_id=19"},"modified":"2024-04-28T16:56:25","modified_gmt":"2024-04-28T14:56:25","slug":"souterrain","status":"publish","type":"page","link":"https:\/\/amdb8.de\/?page_id=19","title":{"rendered":"Souterrain"},"content":{"rendered":"\n<figure class=\"wp-block-image size-large is-style-rounded\"><img loading=\"lazy\" decoding=\"async\" width=\"1024\" height=\"683\" src=\"http:\/\/amdb8.de\/wp-content\/uploads\/2024\/04\/DSC01882-1024x683.jpg\" alt=\"\" class=\"wp-image-96\" srcset=\"https:\/\/amdb8.de\/wp-content\/uploads\/2024\/04\/DSC01882-1024x683.jpg 1024w, https:\/\/amdb8.de\/wp-content\/uploads\/2024\/04\/DSC01882-300x200.jpg 300w, https:\/\/amdb8.de\/wp-content\/uploads\/2024\/04\/DSC01882-768x512.jpg 768w, https:\/\/amdb8.de\/wp-content\/uploads\/2024\/04\/DSC01882-1536x1024.jpg 1536w, https:\/\/amdb8.de\/wp-content\/uploads\/2024\/04\/DSC01882-2048x1365.jpg 2048w, https:\/\/amdb8.de\/wp-content\/uploads\/2024\/04\/DSC01882-600x400.jpg 600w\" sizes=\"(max-width: 1024px) 100vw, 1024px\" \/><\/figure>\n\n\n\n<figure class=\"wp-block-table is-style-stripes\"><table><tbody><tr><td><strong>Objekt:<\/strong><\/td><td>1-Zimmer Appartement im Souterrain<\/td><\/tr><tr><td><strong>Anschrift:<\/strong><\/td><td>Am D\u00fcsterb\u00e4umchen 8<br>53340 Meckenheim<\/td><\/tr><tr><td><strong>Lage<\/strong>:<\/td><td>&#8211; ca. 15 Autominuten bis BMVg, 10 bis Gelsdorf, 15 bis Rheinbach und 20 bis KdoCIR<br>&#8211; fu\u00dfl\u00e4ufig zu Bushaltestelle (~2 Min.), Neuer Markt (&lt;10 Min.), Sportzentrum (&lt;5 Min.)<\/td><\/tr><tr><td><strong>Bezugstermin<\/strong>:<\/td><td>nach Absprache, fr\u00fchestens ab 1. Juni 2024 <\/td><\/tr><tr><td><strong>Wohnfl\u00e4che<\/strong>:<\/td><td>ca. 58 m\u00b2<\/td><\/tr><tr><td><strong>Miete<\/strong>:<\/td><td>950,- \u20ac mtl. Warmmiete (inkl. Nebenkosten und Strom)<\/td><\/tr><tr><td><strong>Kaution<\/strong>:<\/td><td>1.800,- \u20ac auf einem durch den Mieter angelegten Mietkautionskonto<\/td><\/tr><tr><td><strong>Sanit\u00e4rr\u00e4ume<\/strong>:<\/td><td>Wannenbad mit WC<\/td><\/tr><tr><td><strong>Beschreibung<\/strong>:<\/td><td>gro\u00dfz\u00fcgiger m\u00f6blierter Wohn-\/Schlafraum, <br>separate K\u00fcche (l\u00f6ffelfertig, u.a. mit Sp\u00fclmaschine, Herd, Ofen und Mikrowelle), <br>eigenes Wannenbad, <br>Kaminofen, <br>WLAN, Sat-Anschluss, <br>separater Eingang, eigene Terrasse,<br>Bodenbel\u00e4ge: Fliesen,<br>Gas-Zentralheizung (inkl. Warmwasser)<\/td><\/tr><tr><td><strong>Parken<\/strong>:<\/td><td>kein eigener Stellplatz, <br>aber ausreichend kostenloser \u00f6ffentlicher Parkraum<\/td><\/tr><tr><td><strong>Sonstiges<\/strong>:<\/td><td>Mietvertrag befristet f\u00fcr 12 bis max. 24 Monate; <br>Nichtraucher-Objekt, Wochenendpendler, Kurzzeitvermietung m\u00f6glich, Haustiere nicht erw\u00fcnscht<\/td><\/tr><tr><td><strong>Kontakt<\/strong>:<\/td><td>Jana und Stephan Sauer<br>Tel: 02225\/9009500 (nach 18:00 Uhr)<br>E-Mail: <a href=\"mailto:Vermietung@amDB8.de\">Vermietung@amDB8.de<\/a><\/td><\/tr><tr><td><strong>Grundriss<\/strong>:<\/td><td>Wird auf Anfrage gerne bereitgestellt.<\/td><\/tr><tr><td><strong>Energieausweis<\/strong>:<\/td><td>Wird auf Anfrage gerne bereitgestellt.<\/td><\/tr><tr><td><strong>Fotos<\/strong>:<\/td><td>Das Passwort f\u00fcr den <a href=\"http:\/\/amdb8.de\/?page_id=54\" data-type=\"link\" data-id=\"http:\/\/amdb8.de\/?page_id=54\">Zugriff auf die Fotos <\/a>wird auf Anfrage gerne bereitgestellt.<\/td><\/tr><\/tbody><\/table><\/figure>\n","protected":false},"excerpt":{"rendered":"<p>Objekt: 1-Zimmer Appartement im Souterrain Anschrift: Am D\u00fcsterb\u00e4umchen 853340 Meckenheim Lage: &#8211; ca. 15 Autominuten bis BMVg, 10 bis Gelsdorf, 15 bis Rheinbach und 20 bis KdoCIR&#8211; fu\u00dfl\u00e4ufig zu Bushaltestelle (~2 Min.), Neuer Markt (&lt;10 Min.), Sportzentrum (&lt;5 Min.) Bezugstermin: nach Absprache, fr\u00fchestens ab 1. Juni 2024 Wohnfl\u00e4che: ca. 58 m\u00b2 Miete: 950,- \u20ac mtl. [&hellip;]<\/p>\n","protected":false},"author":1,"featured_media":0,"parent":0,"menu_order":0,"comment_status":"closed","ping_status":"closed","template":"","meta":{"footnotes":""},"_links":{"self":[{"href":"https:\/\/amdb8.de\/index.php?rest_route=\/wp\/v2\/pages\/19"}],"collection":[{"href":"https:\/\/amdb8.de\/index.php?rest_route=\/wp\/v2\/pages"}],"about":[{"href":"https:\/\/amdb8.de\/index.php?rest_route=\/wp\/v2\/types\/page"}],"author":[{"embeddable":true,"href":"https:\/\/amdb8.de\/index.php?rest_route=\/wp\/v2\/users\/1"}],"replies":[{"embeddable":true,"href":"https:\/\/amdb8.de\/index.php?rest_route=%2Fwp%2Fv2%2Fcomments&post=19"}],"version-history":[{"count":15,"href":"https:\/\/amdb8.de\/index.php?rest_route=\/wp\/v2\/pages\/19\/revisions"}],"predecessor-version":[{"id":98,"href":"https:\/\/amdb8.de\/index.php?rest_route=\/wp\/v2\/pages\/19\/revisions\/98"}],"wp:attachment":[{"href":"https:\/\/amdb8.de\/index.php?rest_route=%2Fwp%2Fv2%2Fmedia&parent=19"}],"curies":[{"name":"wp","href":"https:\/\/api.w.org\/{rel}","templated":true}]}}